{"id":460,"date":"2020-04-09T15:51:27","date_gmt":"2020-04-09T14:51:27","guid":{"rendered":"https:\/\/www.aima-innovation.andres.alsace\/index.php\/services-2\/"},"modified":"2025-12-02T17:16:06","modified_gmt":"2025-12-02T17:16:06","slug":"services-2","status":"publish","type":"page","link":"https:\/\/www.aima-innovation.com\/index.php\/services-2\/","title":{"rendered":"A\u00ecma Watch"},"content":{"rendered":"\t\t<div data-elementor-type=\"wp-page\" data-elementor-id=\"460\" class=\"elementor elementor-460\" data-elementor-post-type=\"page\">\n\t\t\t\t\t\t<section class=\"elementor-section elementor-top-section elementor-element elementor-element-4fecd70 elementor-section-content-middle elementor-section-boxed elementor-section-height-default elementor-section-height-default\" data-id=\"4fecd70\" data-element_type=\"section\" data-e-type=\"section\" data-settings=\"{&quot;background_background&quot;:&quot;gradient&quot;}\">\n\t\t\t\t\t\t\t<div class=\"elementor-background-overlay\"><\/div>\n\t\t\t\t\t\t\t<div class=\"elementor-container elementor-column-gap-wider\">\n\t\t\t\t\t<div class=\"elementor-column elementor-col-100 elementor-top-column elementor-element elementor-element-6f0ab41\" data-id=\"6f0ab41\" data-element_type=\"column\" data-e-type=\"column\">\n\t\t\t<div class=\"elementor-widget-wrap elementor-element-populated\">\n\t\t\t\t\t\t<div class=\"elementor-element elementor-element-ee42375 elementor-widget__width-initial elementor-widget-mobile__width-auto elementor-absolute e-transform e-transform elementor-widget elementor-widget-image\" data-id=\"ee42375\" data-element_type=\"widget\" data-e-type=\"widget\" data-settings=\"{&quot;_position&quot;:&quot;absolute&quot;,&quot;_transform_translateX_effect&quot;:{&quot;unit&quot;:&quot;%&quot;,&quot;size&quot;:18,&quot;sizes&quot;:[]},&quot;_transform_translateX_effect_tablet&quot;:{&quot;unit&quot;:&quot;%&quot;,&quot;size&quot;:&quot;&quot;,&quot;sizes&quot;:[]},&quot;_transform_translateX_effect_mobile&quot;:{&quot;unit&quot;:&quot;%&quot;,&quot;size&quot;:&quot;&quot;,&quot;sizes&quot;:[]},&quot;_transform_translateY_effect&quot;:{&quot;unit&quot;:&quot;%&quot;,&quot;size&quot;:-18,&quot;sizes&quot;:[]},&quot;_transform_translateY_effect_tablet&quot;:{&quot;unit&quot;:&quot;%&quot;,&quot;size&quot;:&quot;&quot;,&quot;sizes&quot;:[]},&quot;_transform_translateY_effect_mobile&quot;:{&quot;unit&quot;:&quot;%&quot;,&quot;size&quot;:&quot;&quot;,&quot;sizes&quot;:[]},&quot;_transform_scale_effect&quot;:{&quot;unit&quot;:&quot;px&quot;,&quot;size&quot;:0.6,&quot;sizes&quot;:[]},&quot;_transform_scale_effect_tablet&quot;:{&quot;unit&quot;:&quot;px&quot;,&quot;size&quot;:&quot;&quot;,&quot;sizes&quot;:[]},&quot;_transform_scale_effect_mobile&quot;:{&quot;unit&quot;:&quot;px&quot;,&quot;size&quot;:&quot;&quot;,&quot;sizes&quot;:[]}}\" data-widget_type=\"image.default\">\n\t\t\t\t\t\t\t\t\t\t\t\t\t\t\t<img decoding=\"async\" src=\"https:\/\/www.aima-innovation.com\/wp-content\/uploads\/2022\/10\/sqr031-col1.svg\" title=\"sqr031-col1\" alt=\"sqr031-col1\" loading=\"lazy\" \/>\t\t\t\t\t\t\t\t\t\t\t\t\t\t\t<\/div>\n\t\t\t\t<div class=\"elementor-element elementor-element-812b25b elementor-widget__width-initial elementor-widget elementor-widget-image\" data-id=\"812b25b\" data-element_type=\"widget\" data-e-type=\"widget\" data-widget_type=\"image.default\">\n\t\t\t\t\t\t\t\t\t\t\t\t\t\t\t<img fetchpriority=\"high\" decoding=\"async\" width=\"1024\" height=\"576\" src=\"https:\/\/www.aima-innovation.com\/wp-content\/uploads\/2025\/11\/Design-sans-titre-1024x576.png\" class=\"attachment-large size-large wp-image-20460\" alt=\"\" srcset=\"https:\/\/www.aima-innovation.com\/wp-content\/uploads\/2025\/11\/Design-sans-titre-1024x576.png 1024w, https:\/\/www.aima-innovation.com\/wp-content\/uploads\/2025\/11\/Design-sans-titre-300x169.png 300w, https:\/\/www.aima-innovation.com\/wp-content\/uploads\/2025\/11\/Design-sans-titre-768x432.png 768w, https:\/\/www.aima-innovation.com\/wp-content\/uploads\/2025\/11\/Design-sans-titre-1000x562.png 1000w, https:\/\/www.aima-innovation.com\/wp-content\/uploads\/2025\/11\/Design-sans-titre.png 1366w\" sizes=\"(max-width: 1024px) 100vw, 1024px\" \/>\t\t\t\t\t\t\t\t\t\t\t\t\t\t\t<\/div>\n\t\t\t\t\t<\/div>\n\t\t<\/div>\n\t\t\t\t\t<\/div>\n\t\t<\/section>\n\t\t<div class=\"elementor-element elementor-element-17b523a e-flex e-con-boxed e-con e-parent\" data-id=\"17b523a\" data-element_type=\"container\" data-e-type=\"container\">\n\t\t\t\t\t<div class=\"e-con-inner\">\n\t\t\t\t<div class=\"elementor-element elementor-element-8c6f393 elementor-widget elementor-widget-text-editor\" data-id=\"8c6f393\" data-element_type=\"widget\" data-e-type=\"widget\" data-widget_type=\"text-editor.default\">\n\t\t\t\t\t\t\t\t\t<h3 data-start=\"118\" data-end=\"177\"><strong data-start=\"122\" data-end=\"175\">Votre sant\u00e9, votre bien-\u00eatre, en toute simplicit\u00e9<\/strong><\/h3><p data-start=\"178\" data-end=\"378\">D\u00e9couvrez notre montre connect\u00e9e pens\u00e9e pour vous accompagner au quotidien. Plus qu\u2019un simple accessoire, c\u2019est un v\u00e9ritable alli\u00e9 pour prendre soin de votre sant\u00e9 et am\u00e9liorer votre qualit\u00e9 de vie.<\/p><p data-start=\"429\" data-end=\"687\">\u00a0<\/p>\t\t\t\t\t\t\t\t<\/div>\n\t\t\t\t\t<\/div>\n\t\t\t\t<\/div>\n\t\t<div class=\"elementor-element elementor-element-7c78cde e-flex e-con-boxed e-con e-parent\" data-id=\"7c78cde\" data-element_type=\"container\" data-e-type=\"container\">\n\t\t\t\t\t<div class=\"e-con-inner\">\n\t\t\t\t\t<\/div>\n\t\t\t\t<\/div>\n\t\t<div class=\"elementor-element elementor-element-2897397 e-flex e-con-boxed e-con e-parent\" data-id=\"2897397\" data-element_type=\"container\" data-e-type=\"container\">\n\t\t\t\t\t<div class=\"e-con-inner\">\n\t\t<div class=\"elementor-element elementor-element-b4a933f e-con-full e-flex e-con e-child\" data-id=\"b4a933f\" data-element_type=\"container\" data-e-type=\"container\">\n\t\t\t\t<div class=\"elementor-element elementor-element-eca77fa elementor-widget elementor-widget-image\" data-id=\"eca77fa\" data-element_type=\"widget\" data-e-type=\"widget\" data-widget_type=\"image.default\">\n\t\t\t\t\t\t\t\t\t\t\t\t\t\t\t<img decoding=\"async\" width=\"910\" height=\"903\" src=\"https:\/\/www.aima-innovation.com\/wp-content\/uploads\/2025\/11\/Aima_Watch_Sport.png\" class=\"attachment-large size-large wp-image-20873\" alt=\"\" srcset=\"https:\/\/www.aima-innovation.com\/wp-content\/uploads\/2025\/11\/Aima_Watch_Sport.png 910w, https:\/\/www.aima-innovation.com\/wp-content\/uploads\/2025\/11\/Aima_Watch_Sport-300x298.png 300w, https:\/\/www.aima-innovation.com\/wp-content\/uploads\/2025\/11\/Aima_Watch_Sport-150x150.png 150w, https:\/\/www.aima-innovation.com\/wp-content\/uploads\/2025\/11\/Aima_Watch_Sport-768x762.png 768w\" sizes=\"(max-width: 910px) 100vw, 910px\" \/>\t\t\t\t\t\t\t\t\t\t\t\t\t\t\t<\/div>\n\t\t\t\t<\/div>\n\t\t<div class=\"elementor-element elementor-element-e6cde6f e-con-full e-flex e-con e-child\" data-id=\"e6cde6f\" data-element_type=\"container\" data-e-type=\"container\">\n\t\t\t\t<div class=\"elementor-element elementor-element-3f0974b e-transform elementor-widget elementor-widget-image\" data-id=\"3f0974b\" data-element_type=\"widget\" data-e-type=\"widget\" data-settings=\"{&quot;_transform_skewX_effect&quot;:{&quot;unit&quot;:&quot;px&quot;,&quot;size&quot;:0,&quot;sizes&quot;:[]},&quot;_transform_skewX_effect_tablet&quot;:{&quot;unit&quot;:&quot;deg&quot;,&quot;size&quot;:&quot;&quot;,&quot;sizes&quot;:[]},&quot;_transform_skewX_effect_mobile&quot;:{&quot;unit&quot;:&quot;deg&quot;,&quot;size&quot;:&quot;&quot;,&quot;sizes&quot;:[]},&quot;_transform_skewY_effect&quot;:{&quot;unit&quot;:&quot;px&quot;,&quot;size&quot;:&quot;&quot;,&quot;sizes&quot;:[]},&quot;_transform_skewY_effect_tablet&quot;:{&quot;unit&quot;:&quot;deg&quot;,&quot;size&quot;:&quot;&quot;,&quot;sizes&quot;:[]},&quot;_transform_skewY_effect_mobile&quot;:{&quot;unit&quot;:&quot;deg&quot;,&quot;size&quot;:&quot;&quot;,&quot;sizes&quot;:[]}}\" data-widget_type=\"image.default\">\n\t\t\t\t\t\t\t\t\t\t\t\t\t\t\t<img decoding=\"async\" width=\"909\" height=\"907\" src=\"https:\/\/www.aima-innovation.com\/wp-content\/uploads\/2025\/11\/Aima_Watch_Stress.png\" class=\"attachment-large size-large wp-image-20874\" alt=\"\" srcset=\"https:\/\/www.aima-innovation.com\/wp-content\/uploads\/2025\/11\/Aima_Watch_Stress.png 909w, https:\/\/www.aima-innovation.com\/wp-content\/uploads\/2025\/11\/Aima_Watch_Stress-300x300.png 300w, https:\/\/www.aima-innovation.com\/wp-content\/uploads\/2025\/11\/Aima_Watch_Stress-150x150.png 150w, https:\/\/www.aima-innovation.com\/wp-content\/uploads\/2025\/11\/Aima_Watch_Stress-768x766.png 768w, https:\/\/www.aima-innovation.com\/wp-content\/uploads\/2025\/11\/Aima_Watch_Stress-200x200.png 200w\" sizes=\"(max-width: 909px) 100vw, 909px\" \/>\t\t\t\t\t\t\t\t\t\t\t\t\t\t\t<\/div>\n\t\t\t\t<\/div>\n\t\t<div class=\"elementor-element elementor-element-5b67741 e-con-full e-flex e-con e-child\" data-id=\"5b67741\" data-element_type=\"container\" data-e-type=\"container\">\n\t\t\t\t<div class=\"elementor-element elementor-element-d271287 elementor-widget elementor-widget-image\" data-id=\"d271287\" data-element_type=\"widget\" data-e-type=\"widget\" data-widget_type=\"image.default\">\n\t\t\t\t\t\t\t\t\t\t\t\t\t\t\t<img loading=\"lazy\" decoding=\"async\" width=\"987\" height=\"907\" src=\"https:\/\/www.aima-innovation.com\/wp-content\/uploads\/2025\/11\/Aima_Watch_Equilibre.png\" class=\"attachment-large size-large wp-image-20875\" alt=\"\" srcset=\"https:\/\/www.aima-innovation.com\/wp-content\/uploads\/2025\/11\/Aima_Watch_Equilibre.png 987w, https:\/\/www.aima-innovation.com\/wp-content\/uploads\/2025\/11\/Aima_Watch_Equilibre-300x276.png 300w, https:\/\/www.aima-innovation.com\/wp-content\/uploads\/2025\/11\/Aima_Watch_Equilibre-768x706.png 768w\" sizes=\"(max-width: 987px) 100vw, 987px\" \/>\t\t\t\t\t\t\t\t\t\t\t\t\t\t\t<\/div>\n\t\t\t\t<\/div>\n\t\t<div class=\"elementor-element elementor-element-4b1a41e e-con-full e-flex e-con e-child\" data-id=\"4b1a41e\" data-element_type=\"container\" data-e-type=\"container\">\n\t\t\t\t<div class=\"elementor-element elementor-element-f792e2a elementor-widget elementor-widget-text-editor\" data-id=\"f792e2a\" data-element_type=\"widget\" data-e-type=\"widget\" data-widget_type=\"text-editor.default\">\n\t\t\t\t\t\t\t\t\t<h4 style=\"color: #263238; font: 400 26px \/ 36.4px Rubik, sans-serif; text-transform: none; letter-spacing: normal; word-spacing: 0px; text-decoration: none; display: inline-block; transition: color 0.3s; margin-bottom: 0px !important;\"><a style=\"text-decoration-line: none; color: #263238; transition: color 0.3s;\">Sport<\/a><\/h4><div style=\"margin-top: 10px; transition: color 0.3s; font-size: 16px; font-family: Inter, sans-serif;\"><i>Le sport ne se r\u00e9sume pas \u00e0 la performance, mais \u00e0 la conscience du mouvement.<\/i><br \/><br \/>L\u2019A\u00ccMA Watch red\u00e9finit la mani\u00e8re d\u2019aborder l\u2019effort. Au-del\u00e0 des calories ou des pas, elle analyse votre \u00e9nergie r\u00e9elle, issue de l\u2019interaction entre votre rythme cardiaque, votre hydratation, votre sommeil et votre charge mentale.<br \/>Chaque entra\u00eenement devient une exp\u00e9rience de connaissance de soi, o\u00f9 la performance n\u2019est plus une contrainte, mais une expression naturelle de votre \u00e9quilibre int\u00e9rieur.<br \/><br \/><i>Bougez en conscience. Pas pour faire plus, mais pour faire juste.<\/i><\/div>\t\t\t\t\t\t\t\t<\/div>\n\t\t\t\t<\/div>\n\t\t<div class=\"elementor-element elementor-element-6e0084f e-con-full e-flex e-con e-child\" data-id=\"6e0084f\" data-element_type=\"container\" data-e-type=\"container\">\n\t\t\t\t<div class=\"elementor-element elementor-element-2217ce9 elementor-widget elementor-widget-text-editor\" data-id=\"2217ce9\" data-element_type=\"widget\" data-e-type=\"widget\" data-widget_type=\"text-editor.default\">\n\t\t\t\t\t\t\t\t\t<h4 class=\"box-heading\" style=\"color: #263238; font: 400 26px \/ 36.4px Rubik, sans-serif; text-transform: none; letter-spacing: normal; word-spacing: 0px; text-decoration: none; display: inline-block; transition: color 0.3s; margin-bottom: 0px !important;\"><a style=\"text-decoration-line: none; color: #263238; transition: color 0.3s;\">Stress<\/a><\/h4><div class=\"box-description\" style=\"margin-top: 10px; transition: color 0.3s; font-family: Inter, sans-serif; font-size: 16px;\"><p><i>Parce que le stress n\u2019est pas un ennemi, mais un signal \u00e0 comprendre.<\/i><\/p><p>Gr\u00e2ce \u00e0 ses capteurs et \u00e0 son intelligence embarqu\u00e9e, l\u2019A\u00ccMA Watch d\u00e9tecte les variations fines de vos signaux corporels : rythme cardiaque, conductivit\u00e9 de la peau, micro-r\u00e9actions physiologiques. Ces donn\u00e9es r\u00e9v\u00e8lent votre \u00e9tat de tension \u00e9nerg\u00e9tique en temps r\u00e9el. Plut\u00f4t que de lutter contre le stress, A\u00ccMA vous aide \u00e0 le reconna\u00eetre, \u00e0 en saisir les causes et \u00e0 restaurer la coh\u00e9rence entre corps et esprit.\u00a0<\/p><p><i>La s\u00e9r\u00e9nit\u00e9 na\u00eet de la lucidit\u00e9, pas de la fuite.<\/i><\/p><\/div>\t\t\t\t\t\t\t\t<\/div>\n\t\t\t\t<\/div>\n\t\t<div class=\"elementor-element elementor-element-3421122 e-con-full e-flex e-con e-child\" data-id=\"3421122\" data-element_type=\"container\" data-e-type=\"container\">\n\t\t\t\t<div class=\"elementor-element elementor-element-b04e840 elementor-widget elementor-widget-text-editor\" data-id=\"b04e840\" data-element_type=\"widget\" data-e-type=\"widget\" data-widget_type=\"text-editor.default\">\n\t\t\t\t\t\t\t\t\t<h4 class=\"box-heading\" style=\"color: #263238; font: 400 26px \/ 36.4px Rubik, sans-serif; text-transform: none; letter-spacing: normal; word-spacing: 0px; text-decoration: none; display: inline-block; transition: color 0.3s; margin-bottom: 0px !important;\"><a style=\"text-decoration-line: none; color: #263238; transition: color 0.3s;\">Equilibre<\/a><\/h4><div class=\"box-description\" style=\"margin-top: 10px; transition: color 0.3s;\"><p>A\u00ccMA watch observe les variations de votre glucose, de votre fr\u00e9quence cardiaque et de vos cycles \u00e9nerg\u00e9tiques pour traduire un indicateur unique : votre niveau d\u2019harmonie int\u00e9rieure. Ce n\u2019est pas une simple donn\u00e9e, c\u2019est une boussole personnelle qui vous aide \u00e0 ajuster votre rythme de vie. Repos, activit\u00e9, alimentation : tout devient un dialogue intelligent avec vous-m\u00eame.<\/p><p><i>Trouver son \u00e9quilibre, c\u2019est apprendre \u00e0 \u00e9couter ce que la technologie r\u00e9v\u00e8le du vivant.<\/i><\/p><\/div>\t\t\t\t\t\t\t\t<\/div>\n\t\t\t\t<\/div>\n\t\t\t\t\t<\/div>\n\t\t\t\t<\/div>\n\t\t\t\t<\/div>\n\t\t","protected":false},"excerpt":{"rendered":"<p>Votre sant\u00e9, votre bien-\u00eatre, en toute simplicit\u00e9 D\u00e9couvrez notre montre connect\u00e9e pens\u00e9e pour vous accompagner au quotidien. Plus qu\u2019un simple accessoire, c\u2019est un v\u00e9ritable alli\u00e9 pour prendre soin de votre sant\u00e9 et am\u00e9liorer votre qualit\u00e9 de vie. \u00a0 Sport Le sport ne se r\u00e9sume pas \u00e0 la performance, mais \u00e0 la conscience du mouvement. L\u2019A\u00ccMA&hellip;<\/p>\n","protected":false},"author":1,"featured_media":0,"parent":0,"menu_order":6,"comment_status":"closed","ping_status":"closed","template":"elementor_header_footer","meta":{"_crdt_document":"","footnotes":""},"class_list":["post-460","page","type-page","status-publish","hentry"],"_links":{"self":[{"href":"https:\/\/www.aima-innovation.com\/index.php\/wp-json\/wp\/v2\/pages\/460","targetHints":{"allow":["GET"]}}],"collection":[{"href":"https:\/\/www.aima-innovation.com\/index.php\/wp-json\/wp\/v2\/pages"}],"about":[{"href":"https:\/\/www.aima-innovation.com\/index.php\/wp-json\/wp\/v2\/types\/page"}],"author":[{"embeddable":true,"href":"https:\/\/www.aima-innovation.com\/index.php\/wp-json\/wp\/v2\/users\/1"}],"replies":[{"embeddable":true,"href":"https:\/\/www.aima-innovation.com\/index.php\/wp-json\/wp\/v2\/comments?post=460"}],"version-history":[{"count":100,"href":"https:\/\/www.aima-innovation.com\/index.php\/wp-json\/wp\/v2\/pages\/460\/revisions"}],"predecessor-version":[{"id":20906,"href":"https:\/\/www.aima-innovation.com\/index.php\/wp-json\/wp\/v2\/pages\/460\/revisions\/20906"}],"wp:attachment":[{"href":"https:\/\/www.aima-innovation.com\/index.php\/wp-json\/wp\/v2\/media?parent=460"}],"curies":[{"name":"wp","href":"https:\/\/api.w.org\/{rel}","templated":true}]}}