{"id":20030,"date":"2020-04-07T13:59:00","date_gmt":"2020-04-07T12:59:00","guid":{"rendered":"https:\/\/www.aima-innovation.andres.alsace\/index.php\/news\/"},"modified":"2025-11-10T14:08:01","modified_gmt":"2025-11-10T14:08:01","slug":"news","status":"publish","type":"page","link":"https:\/\/www.aima-innovation.com\/index.php\/news\/","title":{"rendered":"News"},"content":{"rendered":"\t\t<div data-elementor-type=\"wp-page\" data-elementor-id=\"20030\" class=\"elementor elementor-20030\" data-elementor-post-type=\"page\">\n\t\t\t\t\t\t<section class=\"elementor-section elementor-top-section elementor-element elementor-element-64f606a elementor-section-height-min-height elementor-section-items-stretch elementor-section-content-middle elementor-section-boxed elementor-section-height-default\" data-id=\"64f606a\" data-element_type=\"section\" data-e-type=\"section\">\n\t\t\t\t\t\t\t<div class=\"elementor-background-overlay\"><\/div>\n\t\t\t\t\t\t\t<div class=\"elementor-container elementor-column-gap-wider\">\n\t\t\t\t\t<div class=\"elementor-column elementor-col-100 elementor-top-column elementor-element elementor-element-dd9b4aa\" data-id=\"dd9b4aa\" data-element_type=\"column\" data-e-type=\"column\" data-settings=\"{&quot;background_background&quot;:&quot;classic&quot;}\">\n\t\t\t<div class=\"elementor-widget-wrap elementor-element-populated\">\n\t\t\t\t\t\t<div class=\"elementor-element elementor-element-de630e2 img-align-top icon-box-vertical-align-top image-vertical-align-start slide-h-position-left elementor-widget elementor-widget-the7-elements-simple-posts\" data-id=\"de630e2\" data-element_type=\"widget\" data-e-type=\"widget\" data-widget_type=\"the7-elements-simple-posts.default\">\n\t\t\t\t<div class=\"elementor-widget-container\">\n\t\t\t\t\t<div class=\"the7-simple-widget-posts the7-elementor-widget the7-elements-simple-posts-de630e2 jquery-filter jquery-filter\" data-post-limit=\"-1\" data-pagination-mode=\"none\" data-scroll-offset=\"\" aria-live=\"assertive\">\t\t\t<div class=\"dt-css-grid custom-pagination-handler\" data-columns=\"{&quot;d&quot;:3,&quot;t&quot;:null,&quot;p&quot;:null,&quot;wd&quot;:&quot;&quot;}\">\r\n\t\t\t\t\t\t\t\t\t<div class=\"wf-cell visible \">\r\n\t\t\t\t\t\t<article class=\"post visible wrapper post-20585 testimonials type-testimonials status-publish has-post-thumbnail hentry testimonial_categories-news\">\r\n\r\n\t\t\t\t\t\t\t<div class=\"post-content-wrapper\">\r\n\t\t\t\t\t\t\t\t\t\t\t\t\t\t\t\t\t<div class=\"the7-simple-post-thumb\">\r\n\t\t\t\t\t\t\t\t\t\t<a class=\"post-thumbnail-rollover layzr-bg img-css-resize-wrapper\" aria-label=\"Post image\" href=\"https:\/\/www.aima-innovation.com\/index.php\/testimonials\/stress-la-science-du-calme\/\"><img fetchpriority=\"high\" decoding=\"async\" width=\"2000\" height=\"1000\" src=\"data:image\/svg+xml,%3Csvg%20xmlns%3D&#039;http%3A%2F%2Fwww.w3.org%2F2000%2Fsvg&#039;%20viewBox%3D&#039;0%200%202000%201000&#039;%2F%3E\" class=\"attachment-full size-full preload-me aspect lazy lazy-load\" alt=\"\" sizes=\"(max-width: 2000px) 100vw, 2000px\" style=\"--ratio: 2000 \/ 1000;\" data-src=\"https:\/\/www.aima-innovation.com\/wp-content\/uploads\/2024\/06\/cr723.jpg\" loading=\"eager\" data-srcset=\"https:\/\/www.aima-innovation.com\/wp-content\/uploads\/2024\/06\/cr723.jpg 2000w, https:\/\/www.aima-innovation.com\/wp-content\/uploads\/2024\/06\/cr723-300x150.jpg 300w, https:\/\/www.aima-innovation.com\/wp-content\/uploads\/2024\/06\/cr723-1024x512.jpg 1024w, https:\/\/www.aima-innovation.com\/wp-content\/uploads\/2024\/06\/cr723-768x384.jpg 768w, https:\/\/www.aima-innovation.com\/wp-content\/uploads\/2024\/06\/cr723-1536x768.jpg 1536w\" \/><span class=\"the7-hover-icon\"><\/span><\/a>\t\t\t\t\t\t\t\t\t<\/div>\r\n\t\t\t\t\t\t\t\t\t\t\t\t\t\t\t\t<div class=\"post-entry-content\">\r\n\t\t\t\t\t\t\t\t\t<h5 class=\"heading\"><a href=\"https:\/\/www.aima-innovation.com\/index.php\/testimonials\/stress-la-science-du-calme\/\" rel=\"bookmark\" title=\"STRESS \u2013 La science du calme\" class=\"post-title\">STRESS \u2013 La science du calme<\/a><\/h5><div class=\"entry-meta\"><span class=\"meta-item category-link\"><span>News<\/span><\/span><span class=\"meta-item author vcard\">By <span class=\"fn\">AimaAdmin<\/span><\/span><span class=\"meta-item data-link\"><time class=\"entry-date updated\" datetime=\"2025-11-09T11:46:08+00:00\">November 9, 2025<\/time><\/span><\/div><p class=\"short-description\">Article : \u201cYour heart reveals when you\u2019re stressed \u2014 and how your body recovers\u201d Publi\u00e9 : 2023 Source : ScienceDaily (Universit\u00e9 de Zurich) Lire l\u2019article sur ScienceDaily \u2192 \ud83d\udd39 R\u00e9sum\u00e9 \/ texte \u00e0 ins\u00e9rer sur le site Des chercheurs ont montr\u00e9 en 2023 que la variabilit\u00e9 du rythme cardiaque est un indicateur direct du stress&hellip;<\/p><a href=\"https:\/\/www.aima-innovation.com\/index.php\/testimonials\/stress-la-science-du-calme\/\" target=\"\" aria-label=\"Read more about STRESS \u2013 La science du calme\" class=\"box-button elementor-button elementor-size-xs\">Plus<i aria-hidden=\"true\" class=\"elementor-button-icon dt-icon-the7-arrow-552\"><\/i><\/a>\t\t\t\t\t\t\t\t<\/div>\r\n\t\t\t\t\t\t\t<\/div>\r\n\t\t\t\t\t\t<\/article>\r\n\t\t\t\t\t<\/div>\t\t\t\t\t\t\t\t\t\t<div class=\"wf-cell visible \">\r\n\t\t\t\t\t\t<article class=\"post visible wrapper post-20503 testimonials type-testimonials status-publish has-post-thumbnail hentry testimonial_categories-news\">\r\n\r\n\t\t\t\t\t\t\t<div class=\"post-content-wrapper\">\r\n\t\t\t\t\t\t\t\t\t\t\t\t\t\t\t\t\t<div class=\"the7-simple-post-thumb\">\r\n\t\t\t\t\t\t\t\t\t\t<a class=\"post-thumbnail-rollover layzr-bg img-css-resize-wrapper\" aria-label=\"Post image\" href=\"https:\/\/www.aima-innovation.com\/index.php\/testimonials\/et-si-le-corps-nobeissait-pas-a-la-regle-des-45-minutes\/\"><img decoding=\"async\" width=\"1864\" height=\"1237\" src=\"data:image\/svg+xml,%3Csvg%20xmlns%3D&#039;http%3A%2F%2Fwww.w3.org%2F2000%2Fsvg&#039;%20viewBox%3D&#039;0%200%201864%201237&#039;%2F%3E\" class=\"attachment-full size-full preload-me aspect lazy lazy-load\" alt=\"\" sizes=\"(max-width: 1864px) 100vw, 1864px\" style=\"--ratio: 1864 \/ 1237;\" data-src=\"https:\/\/www.aima-innovation.com\/wp-content\/uploads\/2025\/11\/Aima_News_Cardio_1.png\" loading=\"eager\" data-srcset=\"https:\/\/www.aima-innovation.com\/wp-content\/uploads\/2025\/11\/Aima_News_Cardio_1.png 1864w, https:\/\/www.aima-innovation.com\/wp-content\/uploads\/2025\/11\/Aima_News_Cardio_1-300x199.png 300w, https:\/\/www.aima-innovation.com\/wp-content\/uploads\/2025\/11\/Aima_News_Cardio_1-1024x680.png 1024w, https:\/\/www.aima-innovation.com\/wp-content\/uploads\/2025\/11\/Aima_News_Cardio_1-768x510.png 768w, https:\/\/www.aima-innovation.com\/wp-content\/uploads\/2025\/11\/Aima_News_Cardio_1-1536x1019.png 1536w, https:\/\/www.aima-innovation.com\/wp-content\/uploads\/2025\/11\/Aima_News_Cardio_1-1000x664.png 1000w\" \/><span class=\"the7-hover-icon\"><\/span><\/a>\t\t\t\t\t\t\t\t\t<\/div>\r\n\t\t\t\t\t\t\t\t\t\t\t\t\t\t\t\t<div class=\"post-entry-content\">\r\n\t\t\t\t\t\t\t\t\t<h5 class=\"heading\"><a href=\"https:\/\/www.aima-innovation.com\/index.php\/testimonials\/et-si-le-corps-nobeissait-pas-a-la-regle-des-45-minutes\/\" rel=\"bookmark\" title=\"Et si le corps n&#8217;ob\u00e9issait pas \u00e0 la r\u00e8gle des 45 minutes?\" class=\"post-title\">Et si le corps n&#8217;ob\u00e9issait pas \u00e0 la r\u00e8gle des 45 minutes?<\/a><\/h5><div class=\"entry-meta\"><span class=\"meta-item category-link\"><span>News<\/span><\/span><span class=\"meta-item author vcard\">By <span class=\"fn\">AimaAdmin<\/span><\/span><span class=\"meta-item data-link\"><time class=\"entry-date updated\" datetime=\"2025-11-09T10:56:34+00:00\">November 9, 2025<\/time><\/span><\/div><p class=\"short-description\">Une \u00e9tude publi\u00e9e en 2023 (ScienceDaily) d\u00e9montre que la capacit\u00e9 \u00e0 \u201cbr\u00fbler les graisses\u201d pendant l\u2019effort varie fortement selon chaque individu. L\u2019\u00e2ge, le sommeil, le stress, la nutrition ou encore la g\u00e9n\u00e9tique influencent profond\u00e9ment la mani\u00e8re dont le corps utilise son \u00e9nergie. C\u2019est pourquoi A\u00ccMA ne se base pas sur une r\u00e8gle universelle : elle&hellip;<\/p><a href=\"https:\/\/www.aima-innovation.com\/index.php\/testimonials\/et-si-le-corps-nobeissait-pas-a-la-regle-des-45-minutes\/\" target=\"\" aria-label=\"Read more about Et si le corps n&#8217;ob\u00e9issait pas \u00e0 la r\u00e8gle des 45 minutes?\" class=\"box-button elementor-button elementor-size-xs\">Plus<i aria-hidden=\"true\" class=\"elementor-button-icon dt-icon-the7-arrow-552\"><\/i><\/a>\t\t\t\t\t\t\t\t<\/div>\r\n\t\t\t\t\t\t\t<\/div>\r\n\t\t\t\t\t\t<\/article>\r\n\t\t\t\t\t<\/div>\t\t\t\t\t\t\t\t<\/div>\r\n\t\t<\/div>\t\t\t\t<\/div>\n\t\t\t\t<\/div>\n\t\t\t\t\t<\/div>\n\t\t<\/div>\n\t\t\t\t\t<\/div>\n\t\t<\/section>\n\t\t\t\t<\/div>\n\t\t","protected":false},"excerpt":{"rendered":"<p>STRESS \u2013 La science du calme NewsBy AimaAdminNovember 9, 2025 Article : \u201cYour heart reveals when you\u2019re stressed \u2014 and how your body recovers\u201d Publi\u00e9 : 2023 Source : ScienceDaily (Universit\u00e9 de Zurich) Lire l\u2019article sur ScienceDaily \u2192 \ud83d\udd39 R\u00e9sum\u00e9 \/ texte \u00e0 ins\u00e9rer sur le site Des chercheurs ont montr\u00e9 en 2023 que la&hellip;<\/p>\n","protected":false},"author":1,"featured_media":0,"parent":0,"menu_order":10,"comment_status":"closed","ping_status":"closed","template":"","meta":{"_crdt_document":"","footnotes":""},"class_list":["post-20030","page","type-page","status-publish","hentry"],"_links":{"self":[{"href":"https:\/\/www.aima-innovation.com\/index.php\/wp-json\/wp\/v2\/pages\/20030","targetHints":{"allow":["GET"]}}],"collection":[{"href":"https:\/\/www.aima-innovation.com\/index.php\/wp-json\/wp\/v2\/pages"}],"about":[{"href":"https:\/\/www.aima-innovation.com\/index.php\/wp-json\/wp\/v2\/types\/page"}],"author":[{"embeddable":true,"href":"https:\/\/www.aima-innovation.com\/index.php\/wp-json\/wp\/v2\/users\/1"}],"replies":[{"embeddable":true,"href":"https:\/\/www.aima-innovation.com\/index.php\/wp-json\/wp\/v2\/comments?post=20030"}],"version-history":[{"count":24,"href":"https:\/\/www.aima-innovation.com\/index.php\/wp-json\/wp\/v2\/pages\/20030\/revisions"}],"predecessor-version":[{"id":20654,"href":"https:\/\/www.aima-innovation.com\/index.php\/wp-json\/wp\/v2\/pages\/20030\/revisions\/20654"}],"wp:attachment":[{"href":"https:\/\/www.aima-innovation.com\/index.php\/wp-json\/wp\/v2\/media?parent=20030"}],"curies":[{"name":"wp","href":"https:\/\/api.w.org\/{rel}","templated":true}]}}